{"id":963,"date":"2022-01-31T17:37:44","date_gmt":"2022-01-31T17:37:44","guid":{"rendered":"https:\/\/arvenaydinlatma.com.tr\/?page_id=963"},"modified":"2022-02-11T13:30:05","modified_gmt":"2022-02-11T13:30:05","slug":"metal-group","status":"publish","type":"page","link":"https:\/\/arvenaydinlatma.com.tr\/en\/metal-group\/","title":{"rendered":"Metal Group"},"content":{"rendered":"<p>[vc_row][vc_column width=&#8221;2\/3&#8243;][vc_row_inner][vc_column_inner width=&#8221;1\/3&#8243;][vc_single_image image=&#8221;752&#8243; img_size=&#8221;full&#8221;][vc_custom_heading text=&#8221;DEL\u0130KL\u0130 RAY BA\u011eLANTI&#8221; font_container=&#8221;tag:h4|text_align:center&#8221; use_theme_fonts=&#8221;yes&#8221;][\/vc_column_inner][vc_column_inner width=&#8221;1\/3&#8243;][vc_single_image image=&#8221;753&#8243; img_size=&#8221;full&#8221;][vc_custom_heading text=&#8221;DEL\u0130KS\u0130Z RAY BA\u011eLANTI&#8221; font_container=&#8221;tag:h4|text_align:center&#8221; use_theme_fonts=&#8221;yes&#8221;][\/vc_column_inner][vc_column_inner width=&#8221;1\/3&#8243;][vc_single_image image=&#8221;754&#8243; img_size=&#8221;full&#8221;][vc_custom_heading text=&#8221;MOTOR LAMASI&#8221; font_container=&#8221;tag:h4|text_align:center&#8221; use_theme_fonts=&#8221;yes&#8221;][\/vc_column_inner][\/vc_row_inner][vc_row_inner][vc_column_inner width=&#8221;1\/3&#8243;][vc_single_image image=&#8221;755&#8243; img_size=&#8221;full&#8221;][vc_custom_heading text=&#8221;MONTAJ AYA\u011eI&#8221; font_container=&#8221;tag:h4|text_align:center&#8221; use_theme_fonts=&#8221;yes&#8221;][\/vc_column_inner][vc_column_inner width=&#8221;1\/3&#8243;][vc_single_image image=&#8221;756&#8243; img_size=&#8221;full&#8221;][vc_custom_heading text=&#8221;UZUN L LAMA&#8221; font_container=&#8221;tag:h4|text_align:center&#8221; use_theme_fonts=&#8221;yes&#8221;][\/vc_column_inner][vc_column_inner width=&#8221;1\/3&#8243;][vc_single_image image=&#8221;757&#8243; img_size=&#8221;full&#8221;][vc_custom_heading text=&#8221;KISA L LAMA&#8221; font_container=&#8221;tag:h4|text_align:center&#8221; use_theme_fonts=&#8221;yes&#8221;][\/vc_column_inner][\/vc_row_inner][vc_row_inner][vc_column_inner width=&#8221;1\/3&#8243;][vc_single_image image=&#8221;758&#8243; img_size=&#8221;full&#8221;][vc_custom_heading text=&#8221;\u00d6N REKLAM SACI&#8221; font_container=&#8221;tag:h4|text_align:center&#8221; use_theme_fonts=&#8221;yes&#8221;][\/vc_column_inner][vc_column_inner width=&#8221;1\/3&#8243;][vc_single_image image=&#8221;863&#8243; img_size=&#8221;full&#8221;][vc_custom_heading text=&#8221;TRAPEZ BA\u011eLANTI&#8221; font_container=&#8221;tag:h4|text_align:center&#8221; use_theme_fonts=&#8221;yes&#8221;][\/vc_column_inner][vc_column_inner width=&#8221;1\/3&#8243;][vc_single_image image=&#8221;864&#8243; img_size=&#8221;full&#8221;][vc_custom_heading text=&#8221;G\u0130YOT\u0130N LAMASI&#8221; font_container=&#8221;tag:h4|text_align:center&#8221; use_theme_fonts=&#8221;yes&#8221;][\/vc_column_inner][\/vc_row_inner][vc_row_inner][vc_column_inner width=&#8221;1\/3&#8243;][vc_single_image image=&#8221;865&#8243; img_size=&#8221;full&#8221;][vc_custom_heading text=&#8221;100X100 D\u0130REK \u00dcST BA\u011eLANTI&#8221; font_container=&#8221;tag:h4|text_align:center&#8221; use_theme_fonts=&#8221;yes&#8221;][\/vc_column_inner][vc_column_inner width=&#8221;1\/3&#8243;][vc_single_image image=&#8221;867&#8243; img_size=&#8221;full&#8221;][vc_custom_heading text=&#8221;OLUK KAPA\u011eI&#8221; font_container=&#8221;tag:h4|text_align:center&#8221; use_theme_fonts=&#8221;yes&#8221;][\/vc_column_inner][vc_column_inner width=&#8221;1\/3&#8243;][vc_single_image image=&#8221;868&#8243; img_size=&#8221;full&#8221;][vc_custom_heading text=&#8221;KAREM\u0130L&#8221; font_container=&#8221;tag:h4|text_align:center&#8221; use_theme_fonts=&#8221;yes&#8221;][\/vc_column_inner][\/vc_row_inner][vc_row_inner][vc_column_inner width=&#8221;1\/3&#8243;][vc_single_image image=&#8221;766&#8243; img_size=&#8221;full&#8221;][vc_custom_heading text=&#8221;DUVAR AYAK&#8221; font_container=&#8221;tag:h4|text_align:center&#8221; use_theme_fonts=&#8221;yes&#8221;][\/vc_column_inner][vc_column_inner width=&#8221;1\/3&#8243;][vc_single_image image=&#8221;768&#8243; img_size=&#8221;full&#8221;][vc_custom_heading text=&#8221;RAY OLUK TUTUCU&#8221; font_container=&#8221;tag:h4|text_align:center&#8221; use_theme_fonts=&#8221;yes&#8221;][\/vc_column_inner][vc_column_inner width=&#8221;1\/3&#8243;][vc_single_image image=&#8221;769&#8243; img_size=&#8221;full&#8221;][vc_custom_heading text=&#8221;D\u0130REK \u00dcST BA\u011eLANTI LAMASI&#8221; font_container=&#8221;tag:h4|text_align:center&#8221; use_theme_fonts=&#8221;yes&#8221;][\/vc_column_inner][\/vc_row_inner][vc_row_inner][vc_column_inner width=&#8221;1\/3&#8243;][vc_single_image image=&#8221;873&#8243; img_size=&#8221;full&#8221;][vc_custom_heading text=&#8221;D\u0130REK ALT DEL\u0130KS\u0130Z BA\u011eLANTI LAMASI&#8221; font_container=&#8221;tag:h4|text_align:center&#8221; use_theme_fonts=&#8221;yes&#8221;][\/vc_column_inner][vc_column_inner width=&#8221;1\/3&#8243;][vc_single_image image=&#8221;874&#8243; img_size=&#8221;full&#8221;][vc_custom_heading text=&#8221;D\u0130REK ALT DEL\u0130KL\u0130 BA\u011eLANTI LAMASI&#8221; font_container=&#8221;tag:h4|text_align:center&#8221; use_theme_fonts=&#8221;yes&#8221;][\/vc_column_inner][vc_column_inner width=&#8221;1\/3&#8243;][vc_single_image image=&#8221;772&#8243; img_size=&#8221;full&#8221;][vc_custom_heading text=&#8221;ROOL\u0130NG \u00d6N LAMEL MAFSALI&#8221; font_container=&#8221;tag:h4|text_align:center&#8221; use_theme_fonts=&#8221;yes&#8221;][\/vc_column_inner][\/vc_row_inner][vc_row_inner][vc_column_inner width=&#8221;1\/3&#8243;][vc_single_image image=&#8221;773&#8243; img_size=&#8221;full&#8221;][vc_custom_heading text=&#8221;ROOL\u0130NG ARKA LAMEL MAFSALI&#8221; font_container=&#8221;tag:h4|text_align:center&#8221; use_theme_fonts=&#8221;yes&#8221;][\/vc_column_inner][vc_column_inner width=&#8221;1\/3&#8243;][vc_single_image image=&#8221;774&#8243; img_size=&#8221;full&#8221;][vc_custom_heading text=&#8221;ROOL\u0130NG ORTA LAMEL MAFSALI&#8221; font_container=&#8221;tag:h4|text_align:center&#8221; use_theme_fonts=&#8221;yes&#8221;][\/vc_column_inner][vc_column_inner width=&#8221;1\/3&#8243;][vc_single_image image=&#8221;776&#8243; img_size=&#8221;full&#8221;][vc_custom_heading text=&#8221;ROOL\u0130NG ORTA SAB\u0130T LAMEL&#8221; font_container=&#8221;tag:h4|text_align:center&#8221; use_theme_fonts=&#8221;yes&#8221;][\/vc_column_inner][\/vc_row_inner][vc_row_inner][vc_column_inner width=&#8221;1\/3&#8243;][vc_single_image image=&#8221;777&#8243; img_size=&#8221;full&#8221;][vc_custom_heading text=&#8221;KI\u015e BAH\u00c7ES\u0130 OLUK KAPA\u011eI&#8221; font_container=&#8221;tag:h4|text_align:center&#8221; use_theme_fonts=&#8221;yes&#8221;][\/vc_column_inner][vc_column_inner width=&#8221;1\/3&#8243;][vc_single_image image=&#8221;778&#8243; img_size=&#8221;full&#8221;][vc_custom_heading text=&#8221;KI\u015e BAH\u00c7ES\u0130 D\u0130REK \u00dcST DEL\u0130KL\u0130 BA\u011eLANTI&#8221; font_container=&#8221;tag:h4|text_align:center&#8221; use_theme_fonts=&#8221;yes&#8221;][\/vc_column_inner][vc_column_inner width=&#8221;1\/3&#8243;][vc_single_image image=&#8221;883&#8243; img_size=&#8221;full&#8221;][vc_custom_heading text=&#8221;G\u0130YOT\u0130N Z\u0130NC\u0130R GERD\u0130RME&#8221; font_container=&#8221;tag:h4|text_align:center&#8221; use_theme_fonts=&#8221;yes&#8221;][\/vc_column_inner][\/vc_row_inner][vc_row_inner][vc_column_inner width=&#8221;1\/3&#8243;][vc_single_image image=&#8221;751&#8243; img_size=&#8221;full&#8221;][vc_custom_heading text=&#8221;110X145 D\u0130REK \u00dcST BA\u011eLANTI&#8221; font_container=&#8221;tag:h4|text_align:center&#8221; use_theme_fonts=&#8221;yes&#8221;][\/vc_column_inner][vc_column_inner width=&#8221;1\/3&#8243;][vc_single_image image=&#8221;759&#8243; img_size=&#8221;full&#8221;][vc_custom_heading text=&#8221;OLUK B\u0130RLE\u015eT\u0130RME&#8221; font_container=&#8221;tag:h4|text_align:center&#8221; use_theme_fonts=&#8221;yes&#8221;][\/vc_column_inner][vc_column_inner width=&#8221;1\/3&#8243;][vc_single_image image=&#8221;866&#8243; img_size=&#8221;full&#8221;][vc_custom_heading text=&#8221;KORN\u0130\u015e BA\u011eLANTI&#8221; font_container=&#8221;tag:h4|text_align:center&#8221; use_theme_fonts=&#8221;yes&#8221;][\/vc_column_inner][\/vc_row_inner][vc_row_inner][vc_column_inner width=&#8221;1\/3&#8243;][vc_single_image image=&#8221;878&#8243; img_size=&#8221;full&#8221;][vc_custom_heading text=&#8221;ROOL\u0130NG ARKA SAB\u0130T LAMEL&#8221; font_container=&#8221;tag:h4|text_align:center&#8221; use_theme_fonts=&#8221;yes&#8221;][\/vc_column_inner][vc_column_inner width=&#8221;1\/3&#8243;][vc_single_image image=&#8221;882&#8243; img_size=&#8221;full&#8221;][vc_custom_heading text=&#8221;KI\u015e BAH\u00c7ES\u0130 D\u0130REK ALT DEL\u0130KS\u0130Z BA\u011eLANTI&#8221; font_container=&#8221;tag:h4|text_align:center&#8221; use_theme_fonts=&#8221;yes&#8221;][\/vc_column_inner][vc_column_inner width=&#8221;1\/3&#8243;][\/vc_column_inner][\/vc_row_inner][\/vc_column][vc_column width=&#8221;1\/3&#8243;][vc_custom_heading text=&#8221;Product Groups&#8221; font_container=&#8221;tag:h3|text_align:left&#8221; use_theme_fonts=&#8221;yes&#8221;][vc_btn title=&#8221;Lighting Group&#8221; color=&#8221;orange&#8221; size=&#8221;lg&#8221; align=&#8221;center&#8221; button_block=&#8221;true&#8221; link=&#8221;url:http%3A%2F%2Farvenaydinlatma.com.tr%2Fen%2Flighting-group%2F|title:Lighting%20Group&#8221;][vc_btn title=&#8221;Metal Group&#8221; color=&#8221;orange&#8221; size=&#8221;lg&#8221; align=&#8221;center&#8221; button_block=&#8221;true&#8221; link=&#8221;url:http%3A%2F%2Farvenaydinlatma.com.tr%2Fmetal-grubu%2F|title:Ayd%C4%B1nlatma%20Grubu&#8221;][vc_btn title=&#8221;Cable Group&#8221; color=&#8221;orange&#8221; size=&#8221;lg&#8221; align=&#8221;center&#8221; button_block=&#8221;true&#8221; link=&#8221;url:http%3A%2F%2Farvenaydinlatma.com.tr%2Fen%2Fcable-group%2F|title:Cable%20Group&#8221;][vc_btn title=&#8221;Power Supply\/Dimmer Group&#8221; color=&#8221;orange&#8221; size=&#8221;lg&#8221; align=&#8221;center&#8221; button_block=&#8221;true&#8221; link=&#8221;url:http%3A%2F%2Farvenaydinlatma.com.tr%2Fen%2Fpower-supply-dimmer-group%2F|title:Power%20Supply%2FDimmer%20Group&#8221;][vc_btn title=&#8221;Bolt\/Screw Group&#8221; color=&#8221;orange&#8221; size=&#8221;lg&#8221; align=&#8221;center&#8221; button_block=&#8221;true&#8221; link=&#8221;url:http%3A%2F%2Farvenaydinlatma.com.tr%2Fen%2Fbolt-screw-group%2F|title:Bolt%2FScrew%20Group&#8221;][\/vc_column][\/vc_row]<\/p>\n","protected":false},"excerpt":{"rendered":"[vc_row][vc_column width=&#8221;2\/3&#8243;][vc_row_inner][vc_column_inner width=&#8221;1\/3&#8243;][vc_single_image image=&#8221;752&#8243; img_size=&#8221;full&#8221;][vc_custom_heading text=&#8221;DEL\u0130KL\u0130 RAY BA\u011eLANTI&#8221; font_container=&#8221;tag:h4|text_align:center&#8221; use_theme_fonts=&#8221;yes&#8221;][\/vc_column_inner][vc_column_inner width=&#8221;1\/3&#8243;][vc_single_image image=&#8221;753&#8243; img_size=&#8221;full&#8221;][vc_custom_heading text=&#8221;DEL\u0130KS\u0130Z RAY BA\u011eLANTI&#8221; font_container=&#8221;tag:h4|text_align:center&#8221; use_theme_fonts=&#8221;yes&#8221;][\/vc_column_inner][vc_column_inner width=&#8221;1\/3&#8243;][vc_single_image image=&#8221;754&#8243; img_size=&#8221;full&#8221;][vc_custom_heading text=&#8221;MOTOR LAMASI&#8221; font_container=&#8221;tag:h4|text_align:center&#8221; use_theme_fonts=&#8221;yes&#8221;][\/vc_column_inner][\/vc_row_inner][vc_row_inner][vc_column_inner width=&#8221;1\/3&#8243;][vc_single_image image=&#8221;755&#8243; img_size=&#8221;full&#8221;][vc_custom_heading text=&#8221;MONTAJ AYA\u011eI&#8221; font_container=&#8221;tag:h4|text_align:center&#8221; use_theme_fonts=&#8221;yes&#8221;][\/vc_column_inner][vc_column_inner width=&#8221;1\/3&#8243;][vc_single_image image=&#8221;756&#8243; img_size=&#8221;full&#8221;][vc_custom_heading text=&#8221;UZUN L LAMA&#8221; font_container=&#8221;tag:h4|text_align:center&#8221; use_theme_fonts=&#8221;yes&#8221;][\/vc_column_inner][vc_column_inner width=&#8221;1\/3&#8243;][vc_single_image image=&#8221;757&#8243; img_size=&#8221;full&#8221;][vc_custom_heading text=&#8221;KISA L LAMA&#8221; font_container=&#8221;tag:h4|text_align:center&#8221; use_theme_fonts=&#8221;yes&#8221;][\/vc_column_inner][\/vc_row_inner][vc_row_inner][vc_column_inner width=&#8221;1\/3&#8243;][vc_single_image image=&#8221;758&#8243; img_size=&#8221;full&#8221;][vc_custom_heading text=&#8221;\u00d6N REKLAM SACI&#8221; font_container=&#8221;tag:h4|text_align:center&#8221; [&#8230;]","protected":false},"author":1,"featured_media":0,"parent":0,"menu_order":0,"comment_status":"closed","ping_status":"closed","template":"","meta":{"footnotes":""},"class_list":["post-963","page","type-page","status-publish","hentry"],"_links":{"self":[{"href":"https:\/\/arvenaydinlatma.com.tr\/en\/wp-json\/wp\/v2\/pages\/963","targetHints":{"allow":["GET"]}}],"collection":[{"href":"https:\/\/arvenaydinlatma.com.tr\/en\/wp-json\/wp\/v2\/pages"}],"about":[{"href":"https:\/\/arvenaydinlatma.com.tr\/en\/wp-json\/wp\/v2\/types\/page"}],"author":[{"embeddable":true,"href":"https:\/\/arvenaydinlatma.com.tr\/en\/wp-json\/wp\/v2\/users\/1"}],"replies":[{"embeddable":true,"href":"https:\/\/arvenaydinlatma.com.tr\/en\/wp-json\/wp\/v2\/comments?post=963"}],"version-history":[{"count":4,"href":"https:\/\/arvenaydinlatma.com.tr\/en\/wp-json\/wp\/v2\/pages\/963\/revisions"}],"predecessor-version":[{"id":1158,"href":"https:\/\/arvenaydinlatma.com.tr\/en\/wp-json\/wp\/v2\/pages\/963\/revisions\/1158"}],"wp:attachment":[{"href":"https:\/\/arvenaydinlatma.com.tr\/en\/wp-json\/wp\/v2\/media?parent=963"}],"curies":[{"name":"wp","href":"https:\/\/api.w.org\/{rel}","templated":true}]}}