{"id":1030,"date":"2022-01-31T17:58:33","date_gmt":"2022-01-31T17:58:33","guid":{"rendered":"http:\/\/arvenaydinlatma.com.tr\/?page_id=1030"},"modified":"2022-09-02T15:17:00","modified_gmt":"2022-09-02T15:17:00","slug":"contact","status":"publish","type":"page","link":"https:\/\/arvenaydinlatma.com.tr\/en\/contact\/","title":{"rendered":"CONTACT"},"content":{"rendered":"<p>[vc_row overlay_dotted=&#8221;&#8221; css=&#8221;.vc_custom_1638601109992{padding-top: 5% !important;padding-right: 20px !important;padding-left: 20px !important;}&#8221;][vc_column]<div class=\"section-title-wrap  xrton-stitle-69de126acd94f-contact-us caption-center need-bg  \"><h2 class=\"section-title\">Contact Us<\/h2><\/div>[\/vc_column][\/vc_row][vc_row overlay_dotted=&#8221;&#8221; css=&#8221;.vc_custom_1638601134428{padding-right: 10px !important;padding-bottom: 5% !important;padding-left: 10px !important;}&#8221;][vc_column width=&#8221;1\/2&#8243;][vc_text_separator title=&#8221;Nevsehir Factory&#8221; color=&#8221;custom&#8221; accent_color=&#8221;#f0bd54&#8243;][vc_row_inner][vc_column_inner width=&#8221;1\/6&#8243;][vc_icon icon_fontawesome=&#8221;fas fa-phone-alt&#8221; color=&#8221;custom&#8221; size=&#8221;sm&#8221; align=&#8221;center&#8221; custom_color=&#8221;#f0bd54&#8243; css=&#8221;.vc_custom_1638600721997{margin-top: -17px !important;}&#8221;][vc_icon icon_fontawesome=&#8221;fas fa-envelope&#8221; color=&#8221;custom&#8221; align=&#8221;center&#8221; custom_color=&#8221;#f0bd54&#8243; css=&#8221;.vc_custom_1638600827008{margin-top: -50px !important;}&#8221;][vc_icon icon_fontawesome=&#8221;fas fa-map-marker-alt&#8221; color=&#8221;custom&#8221; align=&#8221;center&#8221; custom_color=&#8221;#f0bd54&#8243; css=&#8221;.vc_custom_1638600846531{margin-top: -50px !important;margin-bottom: -30px !important;}&#8221;][\/vc_column_inner][vc_column_inner width=&#8221;5\/6&#8243;][vc_column_text]<a href=\"tel:0850 305 34 50\">0850 305 34 50<\/a>[\/vc_column_text][vc_column_text css=&#8221;.vc_custom_1638600908960{margin-top: -35px !important;}&#8221;]<a href=\"mailto:bilgi@arvenaydinlatma.com.tr\">bilgi@arvenaydinlatma.com.tr<\/a>[\/vc_column_text][vc_column_text css=&#8221;.vc_custom_1643653988212{margin-top: -35px !important;}&#8221;]Organized Industrial Zone 1st Street No:17 Ac\u0131g\u00f6l NEV\u015eEH\u0130R[\/vc_column_text][\/vc_column_inner][\/vc_row_inner][\/vc_column][vc_column width=&#8221;1\/2&#8243;]<div role=\"form\" class=\"wpcf7\" id=\"wpcf7-f1155-o1\" lang=\"tr-TR\" dir=\"ltr\">\n<div class=\"screen-reader-response\"><p role=\"status\" aria-live=\"polite\" aria-atomic=\"true\"><\/p> <ul><\/ul><\/div>\n<form action=\"\/en\/wp-json\/wp\/v2\/pages\/1030#wpcf7-f1155-o1\" method=\"post\" class=\"wpcf7-form init\" novalidate=\"novalidate\" data-status=\"init\">\n<div style=\"display: none;\">\n<input type=\"hidden\" name=\"_wpcf7\" value=\"1155\" \/>\n<input type=\"hidden\" name=\"_wpcf7_version\" value=\"5.5.2\" \/>\n<input type=\"hidden\" name=\"_wpcf7_locale\" value=\"tr_TR\" \/>\n<input type=\"hidden\" name=\"_wpcf7_unit_tag\" value=\"wpcf7-f1155-o1\" \/>\n<input type=\"hidden\" name=\"_wpcf7_container_post\" value=\"0\" \/>\n<input type=\"hidden\" name=\"_wpcf7_posted_data_hash\" value=\"\" \/>\n<\/div>\n<p><label> Name<br \/>\n    <span class=\"wpcf7-form-control-wrap your-name\"><input type=\"text\" name=\"your-name\" value=\"\" size=\"40\" class=\"wpcf7-form-control wpcf7-text wpcf7-validates-as-required\" aria-required=\"true\" aria-invalid=\"false\" \/><\/span> <\/label><\/p>\n<p><label> E-Mail<br \/>\n    <span class=\"wpcf7-form-control-wrap your-email\"><input type=\"email\" name=\"your-email\" value=\"\" size=\"40\" class=\"wpcf7-form-control wpcf7-text wpcf7-email wpcf7-validates-as-required wpcf7-validates-as-email\" aria-required=\"true\" aria-invalid=\"false\" \/><\/span> <\/label><\/p>\n<p><label> Subject<br \/>\n    <span class=\"wpcf7-form-control-wrap your-subject\"><input type=\"text\" name=\"your-subject\" value=\"\" size=\"40\" class=\"wpcf7-form-control wpcf7-text wpcf7-validates-as-required\" aria-required=\"true\" aria-invalid=\"false\" \/><\/span> <\/label><\/p>\n<p><label> Message<br \/>\n    <span class=\"wpcf7-form-control-wrap your-message\"><textarea name=\"your-message\" cols=\"40\" rows=\"10\" class=\"wpcf7-form-control wpcf7-textarea\" aria-invalid=\"false\"><\/textarea><\/span> <\/label><\/p>\n<p><input type=\"submit\" value=\"Send\" class=\"wpcf7-form-control has-spinner wpcf7-submit\" \/><\/p>\n<div class=\"wpcf7-response-output\" aria-hidden=\"true\"><\/div><\/form><\/div>[\/vc_column][\/vc_row][vc_row full_width=&#8221;stretch_row_content_no_spaces&#8221; overlay_dotted=&#8221;&#8221;][vc_column]<div id=\"map-69de126ace894\" class=\"xrton-map  xrton-map-69de126ace894\"><\/div>    <script type=\"text\/javascript\">\n    \/\/ Custom Map Script\n    jQuery(document).ready(function($) {\n      $(\"#map-69de126ace894\").googleMap({\n        zoom: 10,\n        type: \"ROADMAP\",\n        styles: [{\"featureType\":\"water\",\"elementType\":\"geometry\",\"stylers\":[{\"color\":\"#e9e9e9\"},{\"lightness\":17}]},{\"featureType\":\"landscape\",\"elementType\":\"geometry\",\"stylers\":[{\"color\":\"#f5f5f5\"},{\"lightness\":20}]},{\"featureType\":\"road.highway\",\"elementType\":\"geometry.fill\",\"stylers\":[{\"color\":\"#ffffff\"},{\"lightness\":17}]},{\"featureType\":\"road.highway\",\"elementType\":\"geometry.stroke\",\"stylers\":[{\"color\":\"#ffffff\"},{\"lightness\":29},{\"weight\":0.2}]},{\"featureType\":\"road.arterial\",\"elementType\":\"geometry\",\"stylers\":[{\"color\":\"#ffffff\"},{\"lightness\":18}]},{\"featureType\":\"road.local\",\"elementType\":\"geometry\",\"stylers\":[{\"color\":\"#ffffff\"},{\"lightness\":16}]},{\"featureType\":\"poi\",\"elementType\":\"geometry\",\"stylers\":[{\"color\":\"#f5f5f5\"},{\"lightness\":21}]},{\"featureType\":\"poi.park\",\"elementType\":\"geometry\",\"stylers\":[{\"color\":\"#dedede\"},{\"lightness\":21}]},{\"elementType\":\"labels.text.stroke\",\"stylers\":[{\"visibility\":\"on\"},{\"color\":\"#ffffff\"},{\"lightness\":16}]},{\"elementType\":\"labels.text.fill\",\"stylers\":[{\"saturation\":36},{\"color\":\"#333333\"},{\"lightness\":40}]},{\"elementType\":\"labels.icon\",\"stylers\":[{\"visibility\":\"off\"}]},{\"featureType\":\"transit\",\"elementType\":\"geometry\",\"stylers\":[{\"color\":\"#f2f2f2\"},{\"lightness\":19}]},{\"featureType\":\"administrative\",\"elementType\":\"geometry.fill\",\"stylers\":[{\"color\":\"#fefefe\"},{\"lightness\":20}]},{\"featureType\":\"administrative\",\"elementType\":\"geometry.stroke\",\"stylers\":[{\"color\":\"#fefefe\"},{\"lightness\":17},{\"weight\":1.2}]}],\n        streetViewControl: false,\n        scrollwheel: false,\n        mapTypeControl: false,\n                    coords: [40.712776, -74.005974],\n                  });\n            $(\"#map-69de126ace894\").addMarker({\n        coords: [40.712776, -74.005974],\n        icon: 'https:\/\/arvenaydinlatma.com.tr\/wp-content\/plugins\/exertion-core\/assets\/images\/map-marker.png',\n        title: \"Exertion Architects\",        text: \"<p>78 Gonzales Road, Lake Worth, FL 33460<\/p>\",      });\n            $(\"#map-69de126ace894\").addMarker({\n        coords: [40.721806, -73.913686],\n        icon: 'https:\/\/arvenaydinlatma.com.tr\/wp-content\/plugins\/exertion-core\/assets\/images\/map-marker.png',\n        title: \"Exertion Architects - Branch Office \",        text: \"<p>9145 Manor Rd, Bensalem, PA 19020<\/p>\",      });\n          });\n    <\/script>\n[\/vc_column][\/vc_row]<\/p>\n","protected":false},"excerpt":{"rendered":"[vc_row overlay_dotted=&#8221;&#8221; css=&#8221;.vc_custom_1638601109992{padding-top: 5% !important;padding-right: 20px !important;padding-left: 20px !important;}&#8221;][vc_column][\/vc_column][\/vc_row][vc_row overlay_dotted=&#8221;&#8221; css=&#8221;.vc_custom_1638601134428{padding-right: 10px !important;padding-bottom: 5% !important;padding-left: 10px !important;}&#8221;][vc_column width=&#8221;1\/2&#8243;][vc_text_separator title=&#8221;Nevsehir Factory&#8221; color=&#8221;custom&#8221; accent_color=&#8221;#f0bd54&#8243;][vc_row_inner][vc_column_inner width=&#8221;1\/6&#8243;][vc_icon icon_fontawesome=&#8221;fas fa-phone-alt&#8221; color=&#8221;custom&#8221; size=&#8221;sm&#8221; align=&#8221;center&#8221; custom_color=&#8221;#f0bd54&#8243; css=&#8221;.vc_custom_1638600721997{margin-top: -17px !important;}&#8221;][vc_icon icon_fontawesome=&#8221;fas fa-envelope&#8221; color=&#8221;custom&#8221; align=&#8221;center&#8221; custom_color=&#8221;#f0bd54&#8243; css=&#8221;.vc_custom_1638600827008{margin-top: -50px !important;}&#8221;][vc_icon icon_fontawesome=&#8221;fas fa-map-marker-alt&#8221; color=&#8221;custom&#8221; align=&#8221;center&#8221; custom_color=&#8221;#f0bd54&#8243; css=&#8221;.vc_custom_1638600846531{margin-top: -50px !important;margin-bottom: -30px !important;}&#8221;][\/vc_column_inner][vc_column_inner width=&#8221;5\/6&#8243;][vc_column_text]0850 305 34 50[\/vc_column_text][vc_column_text css=&#8221;.vc_custom_1638600908960{margin-top: [&#8230;]","protected":false},"author":1,"featured_media":0,"parent":0,"menu_order":0,"comment_status":"closed","ping_status":"closed","template":"","meta":{"footnotes":""},"class_list":["post-1030","page","type-page","status-publish","hentry"],"_links":{"self":[{"href":"https:\/\/arvenaydinlatma.com.tr\/en\/wp-json\/wp\/v2\/pages\/1030","targetHints":{"allow":["GET"]}}],"collection":[{"href":"https:\/\/arvenaydinlatma.com.tr\/en\/wp-json\/wp\/v2\/pages"}],"about":[{"href":"https:\/\/arvenaydinlatma.com.tr\/en\/wp-json\/wp\/v2\/types\/page"}],"author":[{"embeddable":true,"href":"https:\/\/arvenaydinlatma.com.tr\/en\/wp-json\/wp\/v2\/users\/1"}],"replies":[{"embeddable":true,"href":"https:\/\/arvenaydinlatma.com.tr\/en\/wp-json\/wp\/v2\/comments?post=1030"}],"version-history":[{"count":4,"href":"https:\/\/arvenaydinlatma.com.tr\/en\/wp-json\/wp\/v2\/pages\/1030\/revisions"}],"predecessor-version":[{"id":1189,"href":"https:\/\/arvenaydinlatma.com.tr\/en\/wp-json\/wp\/v2\/pages\/1030\/revisions\/1189"}],"wp:attachment":[{"href":"https:\/\/arvenaydinlatma.com.tr\/en\/wp-json\/wp\/v2\/media?parent=1030"}],"curies":[{"name":"wp","href":"https:\/\/api.w.org\/{rel}","templated":true}]}}